{"id":26261,"date":"2021-03-23T19:33:59","date_gmt":"2021-03-23T18:33:59","guid":{"rendered":"https:\/\/www.colonelgustave.com\/lequipe-colonel-gustave\/"},"modified":"2024-02-09T10:51:20","modified_gmt":"2024-02-09T09:51:20","slug":"who-are-we","status":"publish","type":"page","link":"https:\/\/www.colonelgustave.com\/en\/who-are-we\/","title":{"rendered":"Who are we?"},"content":{"rendered":"<p>Vous savez que nous vous concoctons de d\u00e9licieuses croquettes saines, locales et bonnes pour l&#8217;environnement mais ne connaissez pas encore l&#8217;\u00e9quipe qui travaille sans rel\u00e2che pour que cela soit possible? Apprenez \u00e0 nous connaitre ici \ud83d\ude42<\/p>\n<h4>La fine \u00e9quipe Colonel Gustave<\/h4>\n<div class=\"u-flex\">\n<figure><a href=\"\/lequipe-colonel-gustave\/sierra\/\" target=\"_self\" rel=\"noopener\"><img loading=\"lazy\" decoding=\"async\" title=\"sierra monocle me\u0301daille\" src=\"https:\/\/www.colonelgustave.com\/layout\/uploads\/2021\/03\/sierra-monocle-me\u0301daille-300x300.png\" alt=\"sierra monocle me\u0301daille\" width=\"300\" height=\"300\" \/><\/a><\/figure>\n<figure><a href=\"\/lequipe-colonel-gustave\/arnaud-henroz\/\" target=\"_self\" rel=\"noopener\"><img loading=\"lazy\" decoding=\"async\" title=\"Meet the team - Arnaud Henroz me\u0301daille\" src=\"https:\/\/www.colonelgustave.com\/layout\/uploads\/2021\/04\/Meet-the-team-Arnaud-Henroz-me\u0301daille-1-300x300.png\" alt=\"Meet the team - Arnaud Henroz me\u0301daille\" width=\"300\" height=\"300\" \/><\/a><\/figure>\n<figure><a href=\"\/lequipe-colonel-gustave\/arnaud-gustin\/\" target=\"_self\" rel=\"noopener\"><img loading=\"lazy\" decoding=\"async\" title=\"Meet the team - Arnaud Gustin me\u0301daille monocle\" src=\"https:\/\/www.colonelgustave.com\/layout\/uploads\/2021\/04\/Meet-the-team-Arnaud-Gustin-me\u0301daille-monocle-300x300.png\" alt=\"Meet the team - Arnaud Gustin me\u0301daille monocle\" width=\"300\" height=\"300\" \/><\/a><\/figure>\n<figure><a href=\"\/lequipe-colonel-gustave\/brieuc-swennen\/\" target=\"_self\" rel=\"noopener\"><img loading=\"lazy\" decoding=\"async\" title=\"Meet the team - Brieuc me\u0301daille\" src=\"https:\/\/www.colonelgustave.com\/layout\/uploads\/2021\/04\/Meet-the-team-Brieuc-me\u0301daille-5-300x300.png\" alt=\"Meet the team - Brieuc me\u0301daille\" width=\"300\" height=\"300\" \/><\/a><\/figure>\n<\/div>\n<h4>Envie de nous rejoindre ?<\/h4>\n<p><a href=\"https:\/\/www.colonelgustave.com\/offres-demploi\/\">Contacte-nous !<\/a><\/p>\n","protected":false},"excerpt":{"rendered":"Vous savez que nous vous concoctons de d\u00e9licieuses croquettes saines, locales et bonnes pour l&#8217;environnement mais ne connaissez pas encore l&#8217;\u00e9quipe qui travaille sans rel\u00e2che pour que cela soit possible? Apprenez \u00e0 nous connaitre ici \ud83d\ude42 La fine \u00e9quipe Colonel Gustave Envie de nous rejoindre ? Contacte-nous !","protected":false},"author":1,"featured_media":0,"parent":0,"menu_order":0,"comment_status":"closed","ping_status":"closed","template":"page-qui-sommes.php","meta":{"_acf_changed":false,"footnotes":""},"class_list":["post-26261","page","type-page","status-publish","hentry"],"acf":[],"yoast_head":"<!-- This site is optimized with the Yoast SEO Premium plugin v27.3 (Yoast SEO v27.3) - https:\/\/yoast.com\/product\/yoast-seo-premium-wordpress\/ -->\n<title>Who are we? - Colonel Gustave<\/title>\n<meta name=\"description\" content=\"Hey, we&#039;re the Colonel Gustave team. We work hard every day to seduce the belly of your pets \ud83d\ude09\" \/>\n<meta name=\"robots\" content=\"index, follow, max-snippet:-1, max-image-preview:large, max-video-preview:-1\" \/>\n<link rel=\"canonical\" href=\"https:\/\/www.colonelgustave.com\/en\/who-are-we\/\" \/>\n<meta property=\"og:locale\" content=\"en_US\" \/>\n<meta property=\"og:type\" content=\"article\" \/>\n<meta property=\"og:title\" content=\"Who are we?\" \/>\n<meta property=\"og:description\" content=\"Hey, we&#039;re the Colonel Gustave team. We work hard every day to seduce the belly of your pets \ud83d\ude09\" \/>\n<meta property=\"og:url\" content=\"https:\/\/www.colonelgustave.com\/en\/who-are-we\/\" \/>\n<meta property=\"og:site_name\" content=\"Colonel Gustave\" \/>\n<meta property=\"article:publisher\" content=\"https:\/\/www.facebook.com\/Colonel.Gustave\" \/>\n<meta property=\"article:modified_time\" content=\"2024-02-09T09:51:20+00:00\" \/>\n<meta name=\"twitter:card\" content=\"summary_large_image\" \/>\n<meta name=\"twitter:label1\" content=\"Est. reading time\" \/>\n\t<meta name=\"twitter:data1\" content=\"2 minutes\" \/>\n<script type=\"application\/ld+json\" class=\"yoast-schema-graph\">{\"@context\":\"https:\\\/\\\/schema.org\",\"@graph\":[{\"@type\":\"WebPage\",\"@id\":\"https:\\\/\\\/www.colonelgustave.com\\\/en\\\/who-are-we\\\/\",\"url\":\"https:\\\/\\\/www.colonelgustave.com\\\/en\\\/who-are-we\\\/\",\"name\":\"Who are we? - Colonel Gustave\",\"isPartOf\":{\"@id\":\"https:\\\/\\\/www.colonelgustave.com\\\/en\\\/#website\"},\"datePublished\":\"2021-03-23T18:33:59+00:00\",\"dateModified\":\"2024-02-09T09:51:20+00:00\",\"description\":\"Hey, we're the Colonel Gustave team. We work hard every day to seduce the belly of your pets \ud83d\ude09\",\"breadcrumb\":{\"@id\":\"https:\\\/\\\/www.colonelgustave.com\\\/en\\\/who-are-we\\\/#breadcrumb\"},\"inLanguage\":\"en-US\",\"potentialAction\":[{\"@type\":\"ReadAction\",\"target\":[\"https:\\\/\\\/www.colonelgustave.com\\\/en\\\/who-are-we\\\/\"]}]},{\"@type\":\"BreadcrumbList\",\"@id\":\"https:\\\/\\\/www.colonelgustave.com\\\/en\\\/who-are-we\\\/#breadcrumb\",\"itemListElement\":[{\"@type\":\"ListItem\",\"position\":1,\"name\":\"Home page\",\"item\":\"https:\\\/\\\/www.colonelgustave.com\\\/en\\\/\"},{\"@type\":\"ListItem\",\"position\":2,\"name\":\"Who are we?\"}]},{\"@type\":\"WebSite\",\"@id\":\"https:\\\/\\\/www.colonelgustave.com\\\/en\\\/#website\",\"url\":\"https:\\\/\\\/www.colonelgustave.com\\\/en\\\/\",\"name\":\"Colonel Gustave\",\"description\":\"A healthy and responsible bowl\",\"potentialAction\":[{\"@type\":\"SearchAction\",\"target\":{\"@type\":\"EntryPoint\",\"urlTemplate\":\"https:\\\/\\\/www.colonelgustave.com\\\/en\\\/?s={search_term_string}\"},\"query-input\":{\"@type\":\"PropertyValueSpecification\",\"valueRequired\":true,\"valueName\":\"search_term_string\"}}],\"inLanguage\":\"en-US\"}]}<\/script>\n<!-- \/ Yoast SEO Premium plugin. -->","yoast_head_json":{"title":"Who are we? - Colonel Gustave","description":"Hey, we're the Colonel Gustave team. We work hard every day to seduce the belly of your pets \ud83d\ude09","robots":{"index":"index","follow":"follow","max-snippet":"max-snippet:-1","max-image-preview":"max-image-preview:large","max-video-preview":"max-video-preview:-1"},"canonical":"https:\/\/www.colonelgustave.com\/en\/who-are-we\/","og_locale":"en_US","og_type":"article","og_title":"Who are we?","og_description":"Hey, we're the Colonel Gustave team. We work hard every day to seduce the belly of your pets \ud83d\ude09","og_url":"https:\/\/www.colonelgustave.com\/en\/who-are-we\/","og_site_name":"Colonel Gustave","article_publisher":"https:\/\/www.facebook.com\/Colonel.Gustave","article_modified_time":"2024-02-09T09:51:20+00:00","twitter_card":"summary_large_image","twitter_misc":{"Est. reading time":"2 minutes"},"schema":{"@context":"https:\/\/schema.org","@graph":[{"@type":"WebPage","@id":"https:\/\/www.colonelgustave.com\/en\/who-are-we\/","url":"https:\/\/www.colonelgustave.com\/en\/who-are-we\/","name":"Who are we? - Colonel Gustave","isPartOf":{"@id":"https:\/\/www.colonelgustave.com\/en\/#website"},"datePublished":"2021-03-23T18:33:59+00:00","dateModified":"2024-02-09T09:51:20+00:00","description":"Hey, we're the Colonel Gustave team. We work hard every day to seduce the belly of your pets \ud83d\ude09","breadcrumb":{"@id":"https:\/\/www.colonelgustave.com\/en\/who-are-we\/#breadcrumb"},"inLanguage":"en-US","potentialAction":[{"@type":"ReadAction","target":["https:\/\/www.colonelgustave.com\/en\/who-are-we\/"]}]},{"@type":"BreadcrumbList","@id":"https:\/\/www.colonelgustave.com\/en\/who-are-we\/#breadcrumb","itemListElement":[{"@type":"ListItem","position":1,"name":"Home page","item":"https:\/\/www.colonelgustave.com\/en\/"},{"@type":"ListItem","position":2,"name":"Who are we?"}]},{"@type":"WebSite","@id":"https:\/\/www.colonelgustave.com\/en\/#website","url":"https:\/\/www.colonelgustave.com\/en\/","name":"Colonel Gustave","description":"A healthy and responsible bowl","potentialAction":[{"@type":"SearchAction","target":{"@type":"EntryPoint","urlTemplate":"https:\/\/www.colonelgustave.com\/en\/?s={search_term_string}"},"query-input":{"@type":"PropertyValueSpecification","valueRequired":true,"valueName":"search_term_string"}}],"inLanguage":"en-US"}]}},"_links":{"self":[{"href":"https:\/\/www.colonelgustave.com\/en\/wp-json\/wp\/v2\/pages\/26261","targetHints":{"allow":["GET"]}}],"collection":[{"href":"https:\/\/www.colonelgustave.com\/en\/wp-json\/wp\/v2\/pages"}],"about":[{"href":"https:\/\/www.colonelgustave.com\/en\/wp-json\/wp\/v2\/types\/page"}],"author":[{"embeddable":true,"href":"https:\/\/www.colonelgustave.com\/en\/wp-json\/wp\/v2\/users\/1"}],"replies":[{"embeddable":true,"href":"https:\/\/www.colonelgustave.com\/en\/wp-json\/wp\/v2\/comments?post=26261"}],"version-history":[{"count":0,"href":"https:\/\/www.colonelgustave.com\/en\/wp-json\/wp\/v2\/pages\/26261\/revisions"}],"wp:attachment":[{"href":"https:\/\/www.colonelgustave.com\/en\/wp-json\/wp\/v2\/media?parent=26261"}],"curies":[{"name":"wp","href":"https:\/\/api.w.org\/{rel}","templated":true}]}}