{"id":20707,"date":"2023-04-03T18:46:52","date_gmt":"2023-04-03T16:46:52","guid":{"rendered":"https:\/\/www.colonelgustave.com\/produit\/omega-booster-oil\/"},"modified":"2024-01-11T10:51:07","modified_gmt":"2024-01-11T09:51:07","slug":"oil-omega-booster","status":"publish","type":"product","link":"https:\/\/www.colonelgustave.com\/en\/product\/oil-omega-booster\/","title":{"rendered":"Omega Booster Oil"},"content":{"rendered":"","protected":false},"excerpt":{"rendered":"OMEGA BOOSTER Oil (3-6-9) &#8211; FOR PUPPIES &amp; CAT\r\n\r\nThis oil, made in the Ardenne, is traditionally cold-pressed. It is a mixture of essential fatty acids. It can be used in the bowl as a palatant or food supplement.\r\n\r\n&nbsp;","protected":false},"featured_media":52051,"template":"","meta":{"_acf_changed":false},"product_brand":[],"product_cat":[666,639,636,637,524,638,525,635,517,644,670,668],"product_tag":[],"class_list":{"0":"post-20707","1":"product","2":"type-product","3":"status-publish","4":"has-post-thumbnail","6":"product_cat-adult","7":"product_cat-age-en","8":"product_cat-animal-en","9":"product_cat-cat-en","10":"product_cat-cat","11":"product_cat-dog-en","12":"product_cat-dog","13":"product_cat-filters-en","14":"product_cat-nutritional-supplements","15":"product_cat-product-type","16":"product_cat-senior-en","17":"product_cat-young","18":"has-subscription-plans","20":"first","21":"instock","22":"taxable","23":"shipping-taxable","24":"purchasable","25":"product-type-simple"},"acf":[],"yoast_head":"<!-- This site is optimized with the Yoast SEO Premium plugin v27.3 (Yoast SEO v27.3) - https:\/\/yoast.com\/product\/yoast-seo-premium-wordpress\/ -->\n<title>Omega Booster Oil - Colonel Gustave<\/title>\n<meta name=\"description\" content=\"Super premium vegetable oil for dogs and cats, packed with Omega 3, 6 and 9 for a silky coat.\" \/>\n<meta name=\"robots\" content=\"index, follow, max-snippet:-1, max-image-preview:large, max-video-preview:-1\" \/>\n<link rel=\"canonical\" href=\"https:\/\/www.colonelgustave.com\/en\/product\/oil-omega-booster\/\" \/>\n<meta property=\"og:locale\" content=\"en_US\" \/>\n<meta property=\"og:type\" content=\"article\" \/>\n<meta property=\"og:title\" content=\"Omega Booster Oil\" \/>\n<meta property=\"og:description\" content=\"Super premium vegetable oil for dogs and cats, packed with Omega 3, 6 and 9 for a silky coat.\" \/>\n<meta property=\"og:url\" content=\"https:\/\/www.colonelgustave.com\/en\/product\/oil-omega-booster\/\" \/>\n<meta property=\"og:site_name\" content=\"Colonel Gustave\" \/>\n<meta property=\"article:publisher\" content=\"https:\/\/www.facebook.com\/Colonel.Gustave\" \/>\n<meta property=\"article:modified_time\" content=\"2024-01-11T09:51:07+00:00\" \/>\n<meta name=\"twitter:card\" content=\"summary_large_image\" \/>\n<meta name=\"twitter:label1\" content=\"Price\" \/>\n\t<meta name=\"twitter:data1\" content=\"9,95&nbsp;&euro;\" \/>\n\t<meta name=\"twitter:label2\" content=\"Availability\" \/>\n\t<meta name=\"twitter:data2\" content=\"In stock\" \/>\n<script type=\"application\/ld+json\" class=\"yoast-schema-graph\">{\"@context\":\"https:\\\/\\\/schema.org\",\"@graph\":[{\"@type\":\"WebPage\",\"@id\":\"https:\\\/\\\/www.colonelgustave.com\\\/en\\\/product\\\/oil-omega-booster\\\/\",\"url\":\"https:\\\/\\\/www.colonelgustave.com\\\/en\\\/product\\\/oil-omega-booster\\\/\",\"name\":\"Omega Booster Oil - Colonel Gustave\",\"isPartOf\":{\"@id\":\"https:\\\/\\\/www.colonelgustave.com\\\/en\\\/#website\"},\"primaryImageOfPage\":{\"@id\":\"https:\\\/\\\/www.colonelgustave.com\\\/en\\\/product\\\/oil-omega-booster\\\/#primaryimage\"},\"image\":{\"@id\":\"https:\\\/\\\/www.colonelgustave.com\\\/en\\\/product\\\/oil-omega-booster\\\/#primaryimage\"},\"thumbnailUrl\":\"\",\"datePublished\":\"2023-04-03T16:46:52+00:00\",\"dateModified\":\"2024-01-11T09:51:07+00:00\",\"description\":\"Super premium vegetable oil for dogs and cats, packed with Omega 3, 6 and 9 for a silky coat.\",\"breadcrumb\":{\"@id\":\"https:\\\/\\\/www.colonelgustave.com\\\/en\\\/product\\\/oil-omega-booster\\\/#breadcrumb\"},\"inLanguage\":\"en-US\",\"potentialAction\":[{\"@type\":\"ReadAction\",\"target\":[\"https:\\\/\\\/www.colonelgustave.com\\\/en\\\/product\\\/oil-omega-booster\\\/\"]}]},{\"@type\":\"ImageObject\",\"inLanguage\":\"en-US\",\"@id\":\"https:\\\/\\\/www.colonelgustave.com\\\/en\\\/product\\\/oil-omega-booster\\\/#primaryimage\",\"url\":\"\",\"contentUrl\":\"\",\"width\":1080,\"height\":1080,\"caption\":\"Huile v\u00e9g\u00e9tale om\u00e9ga booster pour chats et chiens\"},{\"@type\":\"BreadcrumbList\",\"@id\":\"https:\\\/\\\/www.colonelgustave.com\\\/en\\\/product\\\/oil-omega-booster\\\/#breadcrumb\",\"itemListElement\":[{\"@type\":\"ListItem\",\"position\":1,\"name\":\"Home page\",\"item\":\"https:\\\/\\\/www.colonelgustave.com\\\/en\\\/\"},{\"@type\":\"ListItem\",\"position\":2,\"name\":\"Eshop\",\"item\":\"https:\\\/\\\/www.colonelgustave.com\\\/en\\\/eshop\\\/\"},{\"@type\":\"ListItem\",\"position\":3,\"name\":\"Omega Booster Oil\"}]},{\"@type\":\"WebSite\",\"@id\":\"https:\\\/\\\/www.colonelgustave.com\\\/en\\\/#website\",\"url\":\"https:\\\/\\\/www.colonelgustave.com\\\/en\\\/\",\"name\":\"Colonel Gustave\",\"description\":\"A healthy and responsible bowl\",\"potentialAction\":[{\"@type\":\"SearchAction\",\"target\":{\"@type\":\"EntryPoint\",\"urlTemplate\":\"https:\\\/\\\/www.colonelgustave.com\\\/en\\\/?s={search_term_string}\"},\"query-input\":{\"@type\":\"PropertyValueSpecification\",\"valueRequired\":true,\"valueName\":\"search_term_string\"}}],\"inLanguage\":\"en-US\"}]}<\/script>\n<meta property=\"product:price:amount\" content=\"9.95\" \/>\n<meta property=\"product:price:currency\" content=\"EUR\" \/>\n<meta property=\"og:availability\" content=\"instock\" \/>\n<meta property=\"product:availability\" content=\"instock\" \/>\n<meta property=\"product:retailer_item_id\" content=\"1519005\" \/>\n<meta property=\"product:condition\" content=\"new\" \/>\n<!-- \/ Yoast SEO Premium plugin. -->","yoast_head_json":{"title":"Omega Booster Oil - Colonel Gustave","description":"Super premium vegetable oil for dogs and cats, packed with Omega 3, 6 and 9 for a silky coat.","robots":{"index":"index","follow":"follow","max-snippet":"max-snippet:-1","max-image-preview":"max-image-preview:large","max-video-preview":"max-video-preview:-1"},"canonical":"https:\/\/www.colonelgustave.com\/en\/product\/oil-omega-booster\/","og_locale":"en_US","og_type":"article","og_title":"Omega Booster Oil","og_description":"Super premium vegetable oil for dogs and cats, packed with Omega 3, 6 and 9 for a silky coat.","og_url":"https:\/\/www.colonelgustave.com\/en\/product\/oil-omega-booster\/","og_site_name":"Colonel Gustave","article_publisher":"https:\/\/www.facebook.com\/Colonel.Gustave","article_modified_time":"2024-01-11T09:51:07+00:00","twitter_card":"summary_large_image","twitter_misc":{"Price":"9,95&nbsp;&euro;","Availability":"In stock"},"schema":{"@context":"https:\/\/schema.org","@graph":[{"@type":"WebPage","@id":"https:\/\/www.colonelgustave.com\/en\/product\/oil-omega-booster\/","url":"https:\/\/www.colonelgustave.com\/en\/product\/oil-omega-booster\/","name":"Omega Booster Oil - Colonel Gustave","isPartOf":{"@id":"https:\/\/www.colonelgustave.com\/en\/#website"},"primaryImageOfPage":{"@id":"https:\/\/www.colonelgustave.com\/en\/product\/oil-omega-booster\/#primaryimage"},"image":{"@id":"https:\/\/www.colonelgustave.com\/en\/product\/oil-omega-booster\/#primaryimage"},"thumbnailUrl":"","datePublished":"2023-04-03T16:46:52+00:00","dateModified":"2024-01-11T09:51:07+00:00","description":"Super premium vegetable oil for dogs and cats, packed with Omega 3, 6 and 9 for a silky coat.","breadcrumb":{"@id":"https:\/\/www.colonelgustave.com\/en\/product\/oil-omega-booster\/#breadcrumb"},"inLanguage":"en-US","potentialAction":[{"@type":"ReadAction","target":["https:\/\/www.colonelgustave.com\/en\/product\/oil-omega-booster\/"]}]},{"@type":"ImageObject","inLanguage":"en-US","@id":"https:\/\/www.colonelgustave.com\/en\/product\/oil-omega-booster\/#primaryimage","url":"","contentUrl":"","width":1080,"height":1080,"caption":"Huile v\u00e9g\u00e9tale om\u00e9ga booster pour chats et chiens"},{"@type":"BreadcrumbList","@id":"https:\/\/www.colonelgustave.com\/en\/product\/oil-omega-booster\/#breadcrumb","itemListElement":[{"@type":"ListItem","position":1,"name":"Home page","item":"https:\/\/www.colonelgustave.com\/en\/"},{"@type":"ListItem","position":2,"name":"Eshop","item":"https:\/\/www.colonelgustave.com\/en\/eshop\/"},{"@type":"ListItem","position":3,"name":"Omega Booster Oil"}]},{"@type":"WebSite","@id":"https:\/\/www.colonelgustave.com\/en\/#website","url":"https:\/\/www.colonelgustave.com\/en\/","name":"Colonel Gustave","description":"A healthy and responsible bowl","potentialAction":[{"@type":"SearchAction","target":{"@type":"EntryPoint","urlTemplate":"https:\/\/www.colonelgustave.com\/en\/?s={search_term_string}"},"query-input":{"@type":"PropertyValueSpecification","valueRequired":true,"valueName":"search_term_string"}}],"inLanguage":"en-US"}]},"product_price_amount":"9.95","product_price_currency":"EUR","og_availability":"instock","product_availability":"instock","product_retailer_item_id":"1519005","product_condition":"new"},"_links":{"self":[{"href":"https:\/\/www.colonelgustave.com\/en\/wp-json\/wp\/v2\/product\/20707","targetHints":{"allow":["GET"]}}],"collection":[{"href":"https:\/\/www.colonelgustave.com\/en\/wp-json\/wp\/v2\/product"}],"about":[{"href":"https:\/\/www.colonelgustave.com\/en\/wp-json\/wp\/v2\/types\/product"}],"wp:featuredmedia":[{"embeddable":true,"href":"https:\/\/www.colonelgustave.com\/en\/wp-json\/wp\/v2\/media\/52051"}],"wp:attachment":[{"href":"https:\/\/www.colonelgustave.com\/en\/wp-json\/wp\/v2\/media?parent=20707"}],"wp:term":[{"taxonomy":"product_brand","embeddable":true,"href":"https:\/\/www.colonelgustave.com\/en\/wp-json\/wp\/v2\/product_brand?post=20707"},{"taxonomy":"product_cat","embeddable":true,"href":"https:\/\/www.colonelgustave.com\/en\/wp-json\/wp\/v2\/product_cat?post=20707"},{"taxonomy":"product_tag","embeddable":true,"href":"https:\/\/www.colonelgustave.com\/en\/wp-json\/wp\/v2\/product_tag?post=20707"}],"curies":[{"name":"wp","href":"https:\/\/api.w.org\/{rel}","templated":true}]}}