{"id":13716,"date":"2021-12-03T14:49:42","date_gmt":"2021-12-03T13:49:42","guid":{"rendered":"https:\/\/www.colonelgustave.com\/produit\/kauwbare-kippennek\/"},"modified":"2026-04-11T17:13:32","modified_gmt":"2026-04-11T15:13:32","slug":"nek-van-de-kip-een-masker","status":"publish","type":"product","link":"https:\/\/www.colonelgustave.com\/nl\/product\/nek-van-de-kip-een-masker\/","title":{"rendered":"Snacks: Gedroogde kippennekken"},"content":{"rendered":"","protected":false},"excerpt":{"rendered":"<p style=\"margin: 0 0 10px;\"><strong>Gedroogde kippennekken<\/strong> \u2013 100% natuurlijk, <strong>zonder granen<\/strong>,\r\nlokaal geproduceerd met \u00e9\u00e9n enkel ingredi\u00ebnt.<\/p>\r\n<p style=\"margin: 0 0 16px;\">Een <strong>natuurlijke kauwsnack<\/strong> die het kauwinstinct van honden respecteert,\r\nbijdraagt aan het <b>handhygi\u00ebne <\/b>en zorgt voor een gezond verwenmoment \u2014\r\nzonder onnodige toevoegingen.<\/p>\r\n\r\n<div style=\"background: #f8f5ef; padding: 18px 20px; border-radius: 8px; border-left: 4px solid #f56568; margin-bottom: 18px;\">\r\n<p style=\"margin: 0 0 10px; font-weight: 600;\">De 4 sterke punten van deze snack:<\/p>\r\n<p style=\"margin: 0 0 8px; line-height: 1.6;\">\ud83d\udc14 <strong>100% kip<\/strong> \u2013 \u00e9\u00e9n enkel dierlijk ingredi\u00ebnt, transparant en puur.<\/p>\r\n<p style=\"margin: 0 0 8px; line-height: 1.6;\">\ud83e\uddb7 <strong>Ondersteunt het kauwgedrag<\/strong> en helpt bij de natuurlijke reiniging van de tanden.<\/p>\r\n<p style=\"margin: 0 0 8px; line-height: 1.6;\">\ud83d\udd25 <strong>Zacht gedroogd<\/strong> om voedingsstoffen en smaak te behouden.<\/p>\r\n<p style=\"margin: 0; line-height: 1.6;\">\u274c <strong>Zonder granen, additieven of conserveermiddelen<\/strong>.<\/p>\r\n\r\n<\/div>\r\n<p style=\"margin-top: 10px;\">Tip: ideaal als <strong>af en toe kauwsnack<\/strong> of beloning, naast een gebalanceerde voeding.<\/p>","protected":false},"featured_media":24112,"template":"","meta":{"_acf_changed":false},"product_brand":[],"product_cat":[614,632,608,624,623,628,627,622,634,527,667,633,526,631,609,626,285,669,488,629,424,617,615,241,665,284,283],"product_tag":[388,395,389],"class_list":{"0":"post-13716","1":"product","2":"type-product","3":"status-publish","4":"has-post-thumbnail","6":"product_cat-allergieen","7":"product_cat-animal-nl","8":"product_cat-filters-nl","9":"product_cat-animal-sterilise-nl","10":"product_cat-sante-et-equiplibre-nl","11":"product_cat-sans-gluten-nl","12":"product_cat-sans-cereales-nl","13":"product_cat-snacks-nl","14":"product_cat-chien-nl","15":"product_cat-hond","16":"product_cat-jong","17":"product_cat-chat-nl","18":"product_cat-kat","19":"product_cat-poulet-nl","20":"product_cat-leeftijd","21":"product_cat-moins-de-calories-nl","22":"product_cat-puppy-nl","23":"product_cat-senior-nl","24":"product_cat-senior-hond","25":"product_cat-saveurs-nl","26":"product_cat-snack-nl","27":"product_cat-type-de-produit-nl","28":"product_cat-varkensvlees","29":"product_cat-voeding","30":"product_cat-volwassen","31":"product_cat-volwassen-hond","32":"product_cat-volwassen-kat","33":"product_tag-100-naturel-nl","34":"product_tag-kauwend","35":"product_tag-snack","36":"has-subscription-plans","38":"first","39":"instock","40":"taxable","41":"shipping-taxable","42":"purchasable","43":"product-type-variable"},"acf":[],"yoast_head":"<!-- This site is optimized with the Yoast SEO Premium plugin v27.3 (Yoast SEO v27.3) - https:\/\/yoast.com\/product\/yoast-seo-premium-wordpress\/ -->\n<title>Snacks: Gedroogde kippennekken - Colonel Gustave<\/title>\n<meta name=\"description\" content=\"Traktaties voor honden en katten: kippennekken, voor alle soorten honden en katten, inclusief puppy&#039;s en senioren. 100% natuurlijk\" \/>\n<meta name=\"robots\" content=\"index, follow, max-snippet:-1, max-image-preview:large, max-video-preview:-1\" \/>\n<link rel=\"canonical\" href=\"https:\/\/www.colonelgustave.com\/nl\/product\/nek-van-de-kip-een-masker\/\" \/>\n<meta property=\"og:locale\" content=\"nl_NL\" \/>\n<meta property=\"og:type\" content=\"article\" \/>\n<meta property=\"og:title\" content=\"Snacks: Gedroogde kippennekken\" \/>\n<meta property=\"og:description\" content=\"Traktaties voor honden en katten: kippennekken, voor alle soorten honden en katten, inclusief puppy&#039;s en senioren. 100% natuurlijk\" \/>\n<meta property=\"og:url\" content=\"https:\/\/www.colonelgustave.com\/nl\/product\/nek-van-de-kip-een-masker\/\" \/>\n<meta property=\"og:site_name\" content=\"Colonel Gustave\" \/>\n<meta property=\"article:publisher\" content=\"https:\/\/www.facebook.com\/Colonel.Gustave\" \/>\n<meta property=\"article:modified_time\" content=\"2026-04-11T15:13:32+00:00\" \/>\n<meta name=\"twitter:card\" content=\"summary_large_image\" \/>\n<meta name=\"twitter:label1\" content=\"Beschikbaarheid\" \/>\n\t<meta name=\"twitter:data1\" content=\"Op voorraad\" \/>\n<script type=\"application\/ld+json\" class=\"yoast-schema-graph\">{\"@context\":\"https:\\\/\\\/schema.org\",\"@graph\":[{\"@type\":\"WebPage\",\"@id\":\"https:\\\/\\\/www.colonelgustave.com\\\/nl\\\/product\\\/nek-van-de-kip-een-masker\\\/\",\"url\":\"https:\\\/\\\/www.colonelgustave.com\\\/nl\\\/product\\\/nek-van-de-kip-een-masker\\\/\",\"name\":\"Snacks: Gedroogde kippennekken - Colonel Gustave\",\"isPartOf\":{\"@id\":\"https:\\\/\\\/www.colonelgustave.com\\\/nl\\\/#website\"},\"primaryImageOfPage\":{\"@id\":\"https:\\\/\\\/www.colonelgustave.com\\\/nl\\\/product\\\/nek-van-de-kip-een-masker\\\/#primaryimage\"},\"image\":{\"@id\":\"https:\\\/\\\/www.colonelgustave.com\\\/nl\\\/product\\\/nek-van-de-kip-een-masker\\\/#primaryimage\"},\"thumbnailUrl\":\"\",\"datePublished\":\"2021-12-03T13:49:42+00:00\",\"dateModified\":\"2026-04-11T15:13:32+00:00\",\"description\":\"Traktaties voor honden en katten: kippennekken, voor alle soorten honden en katten, inclusief puppy's en senioren. 100% natuurlijk\",\"breadcrumb\":{\"@id\":\"https:\\\/\\\/www.colonelgustave.com\\\/nl\\\/product\\\/nek-van-de-kip-een-masker\\\/#breadcrumb\"},\"inLanguage\":\"nl-NL\",\"potentialAction\":[{\"@type\":\"ReadAction\",\"target\":[\"https:\\\/\\\/www.colonelgustave.com\\\/nl\\\/product\\\/nek-van-de-kip-een-masker\\\/\"]}]},{\"@type\":\"ImageObject\",\"inLanguage\":\"nl-NL\",\"@id\":\"https:\\\/\\\/www.colonelgustave.com\\\/nl\\\/product\\\/nek-van-de-kip-een-masker\\\/#primaryimage\",\"url\":\"\",\"contentUrl\":\"\",\"width\":1707,\"height\":2560,\"caption\":\"friandises chiens et chats colonel gustave\"},{\"@type\":\"BreadcrumbList\",\"@id\":\"https:\\\/\\\/www.colonelgustave.com\\\/nl\\\/product\\\/nek-van-de-kip-een-masker\\\/#breadcrumb\",\"itemListElement\":[{\"@type\":\"ListItem\",\"position\":1,\"name\":\"Accueil\",\"item\":\"https:\\\/\\\/www.colonelgustave.com\\\/nl\\\/\"},{\"@type\":\"ListItem\",\"position\":2,\"name\":\"Eshop\",\"item\":\"https:\\\/\\\/www.colonelgustave.com\\\/nl\\\/eshop\\\/\"},{\"@type\":\"ListItem\",\"position\":3,\"name\":\"Snacks: Gedroogde kippennekken\"}]},{\"@type\":\"WebSite\",\"@id\":\"https:\\\/\\\/www.colonelgustave.com\\\/nl\\\/#website\",\"url\":\"https:\\\/\\\/www.colonelgustave.com\\\/nl\\\/\",\"name\":\"Colonel Gustave\",\"description\":\"Une gamelle saine et responsable\",\"potentialAction\":[{\"@type\":\"SearchAction\",\"target\":{\"@type\":\"EntryPoint\",\"urlTemplate\":\"https:\\\/\\\/www.colonelgustave.com\\\/nl\\\/?s={search_term_string}\"},\"query-input\":{\"@type\":\"PropertyValueSpecification\",\"valueRequired\":true,\"valueName\":\"search_term_string\"}}],\"inLanguage\":\"nl-NL\"}]}<\/script>\n<meta property=\"og:availability\" content=\"instock\" \/>\n<meta property=\"product:availability\" content=\"instock\" \/>\n<meta property=\"product:retailer_item_id\" content=\"1519004\" \/>\n<meta property=\"product:condition\" content=\"new\" \/>\n<!-- \/ Yoast SEO Premium plugin. -->","yoast_head_json":{"title":"Snacks: Gedroogde kippennekken - Colonel Gustave","description":"Traktaties voor honden en katten: kippennekken, voor alle soorten honden en katten, inclusief puppy's en senioren. 100% natuurlijk","robots":{"index":"index","follow":"follow","max-snippet":"max-snippet:-1","max-image-preview":"max-image-preview:large","max-video-preview":"max-video-preview:-1"},"canonical":"https:\/\/www.colonelgustave.com\/nl\/product\/nek-van-de-kip-een-masker\/","og_locale":"nl_NL","og_type":"article","og_title":"Snacks: Gedroogde kippennekken","og_description":"Traktaties voor honden en katten: kippennekken, voor alle soorten honden en katten, inclusief puppy's en senioren. 100% natuurlijk","og_url":"https:\/\/www.colonelgustave.com\/nl\/product\/nek-van-de-kip-een-masker\/","og_site_name":"Colonel Gustave","article_publisher":"https:\/\/www.facebook.com\/Colonel.Gustave","article_modified_time":"2026-04-11T15:13:32+00:00","twitter_card":"summary_large_image","twitter_misc":{"Beschikbaarheid":"Op voorraad"},"schema":{"@context":"https:\/\/schema.org","@graph":[{"@type":"WebPage","@id":"https:\/\/www.colonelgustave.com\/nl\/product\/nek-van-de-kip-een-masker\/","url":"https:\/\/www.colonelgustave.com\/nl\/product\/nek-van-de-kip-een-masker\/","name":"Snacks: Gedroogde kippennekken - Colonel Gustave","isPartOf":{"@id":"https:\/\/www.colonelgustave.com\/nl\/#website"},"primaryImageOfPage":{"@id":"https:\/\/www.colonelgustave.com\/nl\/product\/nek-van-de-kip-een-masker\/#primaryimage"},"image":{"@id":"https:\/\/www.colonelgustave.com\/nl\/product\/nek-van-de-kip-een-masker\/#primaryimage"},"thumbnailUrl":"","datePublished":"2021-12-03T13:49:42+00:00","dateModified":"2026-04-11T15:13:32+00:00","description":"Traktaties voor honden en katten: kippennekken, voor alle soorten honden en katten, inclusief puppy's en senioren. 100% natuurlijk","breadcrumb":{"@id":"https:\/\/www.colonelgustave.com\/nl\/product\/nek-van-de-kip-een-masker\/#breadcrumb"},"inLanguage":"nl-NL","potentialAction":[{"@type":"ReadAction","target":["https:\/\/www.colonelgustave.com\/nl\/product\/nek-van-de-kip-een-masker\/"]}]},{"@type":"ImageObject","inLanguage":"nl-NL","@id":"https:\/\/www.colonelgustave.com\/nl\/product\/nek-van-de-kip-een-masker\/#primaryimage","url":"","contentUrl":"","width":1707,"height":2560,"caption":"friandises chiens et chats colonel gustave"},{"@type":"BreadcrumbList","@id":"https:\/\/www.colonelgustave.com\/nl\/product\/nek-van-de-kip-een-masker\/#breadcrumb","itemListElement":[{"@type":"ListItem","position":1,"name":"Accueil","item":"https:\/\/www.colonelgustave.com\/nl\/"},{"@type":"ListItem","position":2,"name":"Eshop","item":"https:\/\/www.colonelgustave.com\/nl\/eshop\/"},{"@type":"ListItem","position":3,"name":"Snacks: Gedroogde kippennekken"}]},{"@type":"WebSite","@id":"https:\/\/www.colonelgustave.com\/nl\/#website","url":"https:\/\/www.colonelgustave.com\/nl\/","name":"Colonel Gustave","description":"Une gamelle saine et responsable","potentialAction":[{"@type":"SearchAction","target":{"@type":"EntryPoint","urlTemplate":"https:\/\/www.colonelgustave.com\/nl\/?s={search_term_string}"},"query-input":{"@type":"PropertyValueSpecification","valueRequired":true,"valueName":"search_term_string"}}],"inLanguage":"nl-NL"}]},"og_availability":"instock","product_availability":"instock","product_retailer_item_id":"1519004","product_condition":"new"},"_links":{"self":[{"href":"https:\/\/www.colonelgustave.com\/nl\/wp-json\/wp\/v2\/product\/13716","targetHints":{"allow":["GET"]}}],"collection":[{"href":"https:\/\/www.colonelgustave.com\/nl\/wp-json\/wp\/v2\/product"}],"about":[{"href":"https:\/\/www.colonelgustave.com\/nl\/wp-json\/wp\/v2\/types\/product"}],"wp:featuredmedia":[{"embeddable":true,"href":"https:\/\/www.colonelgustave.com\/nl\/wp-json\/wp\/v2\/media\/24112"}],"wp:attachment":[{"href":"https:\/\/www.colonelgustave.com\/nl\/wp-json\/wp\/v2\/media?parent=13716"}],"wp:term":[{"taxonomy":"product_brand","embeddable":true,"href":"https:\/\/www.colonelgustave.com\/nl\/wp-json\/wp\/v2\/product_brand?post=13716"},{"taxonomy":"product_cat","embeddable":true,"href":"https:\/\/www.colonelgustave.com\/nl\/wp-json\/wp\/v2\/product_cat?post=13716"},{"taxonomy":"product_tag","embeddable":true,"href":"https:\/\/www.colonelgustave.com\/nl\/wp-json\/wp\/v2\/product_tag?post=13716"}],"curies":[{"name":"wp","href":"https:\/\/api.w.org\/{rel}","templated":true}]}}