{"id":20705,"date":"2023-04-03T18:46:52","date_gmt":"2023-04-03T16:46:52","guid":{"rendered":"https:\/\/www.colonelgustave.com\/produit\/omega-booster-olie\/"},"modified":"2026-03-06T11:33:03","modified_gmt":"2026-03-06T10:33:03","slug":"omega-booster-olie","status":"publish","type":"product","link":"https:\/\/www.colonelgustave.com\/nl\/product\/omega-booster-olie\/","title":{"rendered":"Omega Booster Olie"},"content":{"rendered":"","protected":false},"excerpt":{"rendered":"Belgische plantaardige olie, <strong>koudgeperst<\/strong> en geproduceerd in Ciney, in het hart van de Condroz.\r\nEen natuurlijke bron van omega\u2019s + <strong>basilicum &amp; kurkuma<\/strong> ter ondersteuning van het welzijn van uw dier.\r\n\r\n<strong>\u2728 Huid &amp; vacht<\/strong>\r\nZachtere, glanzendere vacht en een comfortabelere huid.\r\n\r\n<strong>\ud83c\udf3f Rust &amp; welzijn<\/strong>\r\nBasilicum helpt op een natuurlijke manier te ontspannen.\r\n\r\n<strong>\ud83d\udee1\ufe0f Immuniteit<\/strong>\r\nPlantaardige omega\u2019s + kurkuma, rijk aan antioxidanten, ondersteunen de natuurlijke weerstand.\r\n\r\n<strong>\ud83d\ude0b Natuurlijke smaak<\/strong>\r\nEen zachte, plantaardige smaak die de maaltijd extra aantrekkelijk maakt.","protected":false},"featured_media":52050,"template":"","meta":{"_acf_changed":false},"product_brand":[],"product_cat":[632,608,634,527,667,526,633,609,669,617,515,665],"product_tag":[],"class_list":{"0":"post-20705","1":"product","2":"type-product","3":"status-publish","4":"has-post-thumbnail","6":"product_cat-animal-nl","7":"product_cat-filters-nl","8":"product_cat-chien-nl","9":"product_cat-hond","10":"product_cat-jong","11":"product_cat-kat","12":"product_cat-chat-nl","13":"product_cat-leeftijd","14":"product_cat-senior-nl","15":"product_cat-type-de-produit-nl","16":"product_cat-voedingssupplementen","17":"product_cat-volwassen","18":"has-subscription-plans","20":"first","21":"instock","22":"taxable","23":"shipping-taxable","24":"purchasable","25":"product-type-simple"},"acf":[],"yoast_head":"<!-- This site is optimized with the Yoast SEO Premium plugin v27.3 (Yoast SEO v27.3) - https:\/\/yoast.com\/product\/yoast-seo-premium-wordpress\/ -->\n<title>Omega Booster Olie - Colonel Gustave<\/title>\n<meta name=\"description\" content=\"Super premium plantaardige olie voor honden en katten, boordevol Omega 3, 6 en 9 voor een zijdezachte vacht.\" \/>\n<meta name=\"robots\" content=\"index, follow, max-snippet:-1, max-image-preview:large, max-video-preview:-1\" \/>\n<link rel=\"canonical\" href=\"https:\/\/www.colonelgustave.com\/nl\/product\/omega-booster-olie\/\" \/>\n<meta property=\"og:locale\" content=\"nl_NL\" \/>\n<meta property=\"og:type\" content=\"article\" \/>\n<meta property=\"og:title\" content=\"Omega Booster Olie\" \/>\n<meta property=\"og:description\" content=\"Super premium plantaardige olie voor honden en katten, boordevol Omega 3, 6 en 9 voor een zijdezachte vacht.\" \/>\n<meta property=\"og:url\" content=\"https:\/\/www.colonelgustave.com\/nl\/product\/omega-booster-olie\/\" \/>\n<meta property=\"og:site_name\" content=\"Colonel Gustave\" \/>\n<meta property=\"article:publisher\" content=\"https:\/\/www.facebook.com\/Colonel.Gustave\" \/>\n<meta property=\"article:modified_time\" content=\"2026-03-06T10:33:03+00:00\" \/>\n<meta name=\"twitter:card\" content=\"summary_large_image\" \/>\n<meta name=\"twitter:label1\" content=\"Prijs\" \/>\n\t<meta name=\"twitter:data1\" content=\"9,95&nbsp;&euro;\" \/>\n\t<meta name=\"twitter:label2\" content=\"Beschikbaarheid\" \/>\n\t<meta name=\"twitter:data2\" content=\"Op voorraad\" \/>\n<script type=\"application\/ld+json\" class=\"yoast-schema-graph\">{\"@context\":\"https:\\\/\\\/schema.org\",\"@graph\":[{\"@type\":\"WebPage\",\"@id\":\"https:\\\/\\\/www.colonelgustave.com\\\/nl\\\/product\\\/omega-booster-olie\\\/\",\"url\":\"https:\\\/\\\/www.colonelgustave.com\\\/nl\\\/product\\\/omega-booster-olie\\\/\",\"name\":\"Omega Booster Olie - Colonel Gustave\",\"isPartOf\":{\"@id\":\"https:\\\/\\\/www.colonelgustave.com\\\/nl\\\/#website\"},\"primaryImageOfPage\":{\"@id\":\"https:\\\/\\\/www.colonelgustave.com\\\/nl\\\/product\\\/omega-booster-olie\\\/#primaryimage\"},\"image\":{\"@id\":\"https:\\\/\\\/www.colonelgustave.com\\\/nl\\\/product\\\/omega-booster-olie\\\/#primaryimage\"},\"thumbnailUrl\":\"\",\"datePublished\":\"2023-04-03T16:46:52+00:00\",\"dateModified\":\"2026-03-06T10:33:03+00:00\",\"description\":\"Super premium plantaardige olie voor honden en katten, boordevol Omega 3, 6 en 9 voor een zijdezachte vacht.\",\"breadcrumb\":{\"@id\":\"https:\\\/\\\/www.colonelgustave.com\\\/nl\\\/product\\\/omega-booster-olie\\\/#breadcrumb\"},\"inLanguage\":\"nl-NL\",\"potentialAction\":[{\"@type\":\"ReadAction\",\"target\":[\"https:\\\/\\\/www.colonelgustave.com\\\/nl\\\/product\\\/omega-booster-olie\\\/\"]}]},{\"@type\":\"ImageObject\",\"inLanguage\":\"nl-NL\",\"@id\":\"https:\\\/\\\/www.colonelgustave.com\\\/nl\\\/product\\\/omega-booster-olie\\\/#primaryimage\",\"url\":\"\",\"contentUrl\":\"\",\"width\":1080,\"height\":1080,\"caption\":\"Huile v\u00e9g\u00e9tale om\u00e9ga booster pour chats et chiens\"},{\"@type\":\"BreadcrumbList\",\"@id\":\"https:\\\/\\\/www.colonelgustave.com\\\/nl\\\/product\\\/omega-booster-olie\\\/#breadcrumb\",\"itemListElement\":[{\"@type\":\"ListItem\",\"position\":1,\"name\":\"Accueil\",\"item\":\"https:\\\/\\\/www.colonelgustave.com\\\/nl\\\/\"},{\"@type\":\"ListItem\",\"position\":2,\"name\":\"Eshop\",\"item\":\"https:\\\/\\\/www.colonelgustave.com\\\/nl\\\/eshop\\\/\"},{\"@type\":\"ListItem\",\"position\":3,\"name\":\"Omega Booster Olie\"}]},{\"@type\":\"WebSite\",\"@id\":\"https:\\\/\\\/www.colonelgustave.com\\\/nl\\\/#website\",\"url\":\"https:\\\/\\\/www.colonelgustave.com\\\/nl\\\/\",\"name\":\"Colonel Gustave\",\"description\":\"Une gamelle saine et responsable\",\"potentialAction\":[{\"@type\":\"SearchAction\",\"target\":{\"@type\":\"EntryPoint\",\"urlTemplate\":\"https:\\\/\\\/www.colonelgustave.com\\\/nl\\\/?s={search_term_string}\"},\"query-input\":{\"@type\":\"PropertyValueSpecification\",\"valueRequired\":true,\"valueName\":\"search_term_string\"}}],\"inLanguage\":\"nl-NL\"}]}<\/script>\n<meta property=\"product:price:amount\" content=\"9.95\" \/>\n<meta property=\"product:price:currency\" content=\"EUR\" \/>\n<meta property=\"og:availability\" content=\"instock\" \/>\n<meta property=\"product:availability\" content=\"instock\" \/>\n<meta property=\"product:retailer_item_id\" content=\"1519005\" \/>\n<meta property=\"product:condition\" content=\"new\" \/>\n<!-- \/ Yoast SEO Premium plugin. -->","yoast_head_json":{"title":"Omega Booster Olie - Colonel Gustave","description":"Super premium plantaardige olie voor honden en katten, boordevol Omega 3, 6 en 9 voor een zijdezachte vacht.","robots":{"index":"index","follow":"follow","max-snippet":"max-snippet:-1","max-image-preview":"max-image-preview:large","max-video-preview":"max-video-preview:-1"},"canonical":"https:\/\/www.colonelgustave.com\/nl\/product\/omega-booster-olie\/","og_locale":"nl_NL","og_type":"article","og_title":"Omega Booster Olie","og_description":"Super premium plantaardige olie voor honden en katten, boordevol Omega 3, 6 en 9 voor een zijdezachte vacht.","og_url":"https:\/\/www.colonelgustave.com\/nl\/product\/omega-booster-olie\/","og_site_name":"Colonel Gustave","article_publisher":"https:\/\/www.facebook.com\/Colonel.Gustave","article_modified_time":"2026-03-06T10:33:03+00:00","twitter_card":"summary_large_image","twitter_misc":{"Prijs":"9,95&nbsp;&euro;","Beschikbaarheid":"Op voorraad"},"schema":{"@context":"https:\/\/schema.org","@graph":[{"@type":"WebPage","@id":"https:\/\/www.colonelgustave.com\/nl\/product\/omega-booster-olie\/","url":"https:\/\/www.colonelgustave.com\/nl\/product\/omega-booster-olie\/","name":"Omega Booster Olie - Colonel Gustave","isPartOf":{"@id":"https:\/\/www.colonelgustave.com\/nl\/#website"},"primaryImageOfPage":{"@id":"https:\/\/www.colonelgustave.com\/nl\/product\/omega-booster-olie\/#primaryimage"},"image":{"@id":"https:\/\/www.colonelgustave.com\/nl\/product\/omega-booster-olie\/#primaryimage"},"thumbnailUrl":"","datePublished":"2023-04-03T16:46:52+00:00","dateModified":"2026-03-06T10:33:03+00:00","description":"Super premium plantaardige olie voor honden en katten, boordevol Omega 3, 6 en 9 voor een zijdezachte vacht.","breadcrumb":{"@id":"https:\/\/www.colonelgustave.com\/nl\/product\/omega-booster-olie\/#breadcrumb"},"inLanguage":"nl-NL","potentialAction":[{"@type":"ReadAction","target":["https:\/\/www.colonelgustave.com\/nl\/product\/omega-booster-olie\/"]}]},{"@type":"ImageObject","inLanguage":"nl-NL","@id":"https:\/\/www.colonelgustave.com\/nl\/product\/omega-booster-olie\/#primaryimage","url":"","contentUrl":"","width":1080,"height":1080,"caption":"Huile v\u00e9g\u00e9tale om\u00e9ga booster pour chats et chiens"},{"@type":"BreadcrumbList","@id":"https:\/\/www.colonelgustave.com\/nl\/product\/omega-booster-olie\/#breadcrumb","itemListElement":[{"@type":"ListItem","position":1,"name":"Accueil","item":"https:\/\/www.colonelgustave.com\/nl\/"},{"@type":"ListItem","position":2,"name":"Eshop","item":"https:\/\/www.colonelgustave.com\/nl\/eshop\/"},{"@type":"ListItem","position":3,"name":"Omega Booster Olie"}]},{"@type":"WebSite","@id":"https:\/\/www.colonelgustave.com\/nl\/#website","url":"https:\/\/www.colonelgustave.com\/nl\/","name":"Colonel Gustave","description":"Une gamelle saine et responsable","potentialAction":[{"@type":"SearchAction","target":{"@type":"EntryPoint","urlTemplate":"https:\/\/www.colonelgustave.com\/nl\/?s={search_term_string}"},"query-input":{"@type":"PropertyValueSpecification","valueRequired":true,"valueName":"search_term_string"}}],"inLanguage":"nl-NL"}]},"product_price_amount":"9.95","product_price_currency":"EUR","og_availability":"instock","product_availability":"instock","product_retailer_item_id":"1519005","product_condition":"new"},"_links":{"self":[{"href":"https:\/\/www.colonelgustave.com\/nl\/wp-json\/wp\/v2\/product\/20705","targetHints":{"allow":["GET"]}}],"collection":[{"href":"https:\/\/www.colonelgustave.com\/nl\/wp-json\/wp\/v2\/product"}],"about":[{"href":"https:\/\/www.colonelgustave.com\/nl\/wp-json\/wp\/v2\/types\/product"}],"wp:featuredmedia":[{"embeddable":true,"href":"https:\/\/www.colonelgustave.com\/nl\/wp-json\/wp\/v2\/media\/52050"}],"wp:attachment":[{"href":"https:\/\/www.colonelgustave.com\/nl\/wp-json\/wp\/v2\/media?parent=20705"}],"wp:term":[{"taxonomy":"product_brand","embeddable":true,"href":"https:\/\/www.colonelgustave.com\/nl\/wp-json\/wp\/v2\/product_brand?post=20705"},{"taxonomy":"product_cat","embeddable":true,"href":"https:\/\/www.colonelgustave.com\/nl\/wp-json\/wp\/v2\/product_cat?post=20705"},{"taxonomy":"product_tag","embeddable":true,"href":"https:\/\/www.colonelgustave.com\/nl\/wp-json\/wp\/v2\/product_tag?post=20705"}],"curies":[{"name":"wp","href":"https:\/\/api.w.org\/{rel}","templated":true}]}}